{"id":50,"date":"2016-09-21T15:33:13","date_gmt":"2016-09-21T15:33:13","guid":{"rendered":"http:\/\/vingekringel.ee\/?page_id=50"},"modified":"2017-01-31T21:55:53","modified_gmt":"2017-01-31T21:55:53","slug":"magusad","status":"publish","type":"page","link":"https:\/\/vingekringel.ee\/index.php\/magusad\/","title":{"rendered":"Magusad"},"content":{"rendered":"\n<table id=\"tablepress-1\" class=\"tablepress tablepress-id-1\">\n<tbody class=\"row-hover\">\n<tr class=\"row-1\">\n\t<td class=\"column-1\"><a href=\"http:\/\/vingekringel.ee\/wp-content\/uploads\/2017\/01\/Kringel-kaneeli-mandlit\u00e4idisega.-Peal-tuhksuhkur.jpg\"><img loading=\"lazy\" decoding=\"async\" src=\"http:\/\/vingekringel.ee\/wp-content\/uploads\/2017\/01\/Kringel-kaneeli-mandlit\u00e4idisega.-Peal-tuhksuhkur-300x200.jpg\" alt=\"\" width=\"300\" height=\"200\" class=\"alignnone size-medium wp-image-83\" srcset=\"https:\/\/vingekringel.ee\/wp-content\/uploads\/2017\/01\/Kringel-kaneeli-mandlit\u00e4idisega.-Peal-tuhksuhkur-300x200.jpg 300w, https:\/\/vingekringel.ee\/wp-content\/uploads\/2017\/01\/Kringel-kaneeli-mandlit\u00e4idisega.-Peal-tuhksuhkur-768x512.jpg 768w, https:\/\/vingekringel.ee\/wp-content\/uploads\/2017\/01\/Kringel-kaneeli-mandlit\u00e4idisega.-Peal-tuhksuhkur.jpg 960w\" sizes=\"auto, (max-width: 300px) 100vw, 300px\" \/><\/a><\/td><td class=\"column-2\">Hind: 12\u20ac\/kg<br \/>\nSisu: Kringel kaneeli mandlit\u00e4idisega. Peal tuhksuhkur.<br \/>\nETTETELLIMISEL<\/td>\n<\/tr>\n<tr class=\"row-2\">\n\t<td class=\"column-1\"><a href=\"http:\/\/vingekringel.ee\/wp-content\/uploads\/2017\/05\/13.jpg\"><img loading=\"lazy\" decoding=\"async\" src=\"http:\/\/vingekringel.ee\/wp-content\/uploads\/2017\/05\/13-300x130.jpg\" alt=\"\" width=\"300\" height=\"130\" class=\"alignnone size-medium wp-image-176\" srcset=\"https:\/\/vingekringel.ee\/wp-content\/uploads\/2017\/05\/13-300x130.jpg 300w, https:\/\/vingekringel.ee\/wp-content\/uploads\/2017\/05\/13-768x333.jpg 768w, https:\/\/vingekringel.ee\/wp-content\/uploads\/2017\/05\/13-1024x445.jpg 1024w\" sizes=\"auto, (max-width: 300px) 100vw, 300px\" \/><\/a><\/td><td class=\"column-2\">Hind: 12\u20ac\/kg<br \/>\nKringel kohupiima-musts\u00f5stra t\u00e4idisega. Peal purukate.<br \/>\nETTETLLIMISEL<\/td>\n<\/tr>\n<tr class=\"row-3\">\n\t<td class=\"column-1\"><a href=\"http:\/\/vingekringel.ee\/wp-content\/uploads\/2017\/05\/15.jpg\"><img loading=\"lazy\" decoding=\"async\" src=\"http:\/\/vingekringel.ee\/wp-content\/uploads\/2017\/05\/15-300x200.jpg\" alt=\"\" width=\"300\" height=\"200\" class=\"alignnone size-medium wp-image-160\" srcset=\"https:\/\/vingekringel.ee\/wp-content\/uploads\/2017\/05\/15-300x200.jpg 300w, https:\/\/vingekringel.ee\/wp-content\/uploads\/2017\/05\/15-768x512.jpg 768w, https:\/\/vingekringel.ee\/wp-content\/uploads\/2017\/05\/15-1024x683.jpg 1024w\" sizes=\"auto, (max-width: 300px) 100vw, 300px\" \/><\/a><\/td><td class=\"column-2\">Hind: 12\u20ac\/kg<br \/>\nSisu: Klassikaline kringel \u00f5una, rosina, kaneeli t\u00e4idisega. Peal valge glasuur, kr\u00f5bedad teraviljagraanulid valges \u0161okolaadis, p\u00e4hklipuiste.<br \/>\nETTETELLIMISEL<\/td>\n<\/tr>\n<tr class=\"row-4\">\n\t<td class=\"column-1\"><a href=\"http:\/\/vingekringel.ee\/wp-content\/uploads\/2016\/09\/16174806_1833401326932774_6093802390567198369_n.jpg\"><img loading=\"lazy\" decoding=\"async\" src=\"http:\/\/vingekringel.ee\/wp-content\/uploads\/2016\/09\/16174806_1833401326932774_6093802390567198369_n-300x200.jpg\" alt=\"\" width=\"300\" height=\"200\" class=\"alignnone size-medium wp-image-97\" srcset=\"https:\/\/vingekringel.ee\/wp-content\/uploads\/2016\/09\/16174806_1833401326932774_6093802390567198369_n-300x200.jpg 300w, https:\/\/vingekringel.ee\/wp-content\/uploads\/2016\/09\/16174806_1833401326932774_6093802390567198369_n-768x512.jpg 768w, https:\/\/vingekringel.ee\/wp-content\/uploads\/2016\/09\/16174806_1833401326932774_6093802390567198369_n.jpg 960w\" sizes=\"auto, (max-width: 300px) 100vw, 300px\" \/><\/a><\/td><td class=\"column-2\">Hind: 12\u20ac\/kg<br \/>\nSisu: Kringel kirsi, \u00f5una, kaneeli t\u00e4idisega. Peal pruun ja valge glasuur, p\u00e4hklipuiste, kr\u00f5bedad teraviljagraanulid maasikamaitselises \u0161okolaadis.<br \/>\nETTETELLIMISEL<\/td>\n<\/tr>\n<tr class=\"row-5\">\n\t<td class=\"column-1\"><a href=\"http:\/\/vingekringel.ee\/wp-content\/uploads\/2017\/05\/11.jpg\"><img loading=\"lazy\" decoding=\"async\" src=\"http:\/\/vingekringel.ee\/wp-content\/uploads\/2017\/05\/11-300x141.jpg\" alt=\"\" width=\"300\" height=\"141\" class=\"alignnone size-medium wp-image-151\" srcset=\"https:\/\/vingekringel.ee\/wp-content\/uploads\/2017\/05\/11-300x141.jpg 300w, https:\/\/vingekringel.ee\/wp-content\/uploads\/2017\/05\/11-768x362.jpg 768w, https:\/\/vingekringel.ee\/wp-content\/uploads\/2017\/05\/11-1024x483.jpg 1024w\" sizes=\"auto, (max-width: 300px) 100vw, 300px\" \/><\/a><\/td><td class=\"column-2\">Hind: 12\u20ac\/kg<br \/>\nSisu: Kringel \u00f5una, kirsi, kaneeli t\u00e4idisega. Peal iiris ja p\u00e4hklipuiste.<br \/>\nETTETELLIMISEL<\/td>\n<\/tr>\n<tr class=\"row-6\">\n\t<td class=\"column-1\"><a href=\"http:\/\/vingekringel.ee\/wp-content\/uploads\/2017\/05\/9.jpg\"><img loading=\"lazy\" decoding=\"async\" src=\"http:\/\/vingekringel.ee\/wp-content\/uploads\/2017\/05\/9-300x200.jpg\" alt=\"\" width=\"300\" height=\"200\" class=\"alignnone size-medium wp-image-155\" srcset=\"https:\/\/vingekringel.ee\/wp-content\/uploads\/2017\/05\/9-300x200.jpg 300w, https:\/\/vingekringel.ee\/wp-content\/uploads\/2017\/05\/9-768x512.jpg 768w, https:\/\/vingekringel.ee\/wp-content\/uploads\/2017\/05\/9-1024x683.jpg 1024w\" sizes=\"auto, (max-width: 300px) 100vw, 300px\" \/><\/a><\/td><td class=\"column-2\">Hind: 12\u20ac\/kg<br \/>\nSisu: Kringel rosina- kaneeli t\u00e4idisega. Peal p\u00e4hkliglasuur ja mandlilaastud.<br \/>\nETTETELLIMISEL<\/td>\n<\/tr>\n<tr class=\"row-7\">\n\t<td class=\"column-1\"><a href=\"http:\/\/vingekringel.ee\/wp-content\/uploads\/2017\/05\/29.jpg\"><img loading=\"lazy\" decoding=\"async\" src=\"http:\/\/vingekringel.ee\/wp-content\/uploads\/2017\/05\/29-300x178.jpg\" alt=\"\" width=\"300\" height=\"178\" class=\"alignnone size-medium wp-image-167\" srcset=\"https:\/\/vingekringel.ee\/wp-content\/uploads\/2017\/05\/29-300x178.jpg 300w, https:\/\/vingekringel.ee\/wp-content\/uploads\/2017\/05\/29-768x455.jpg 768w, https:\/\/vingekringel.ee\/wp-content\/uploads\/2017\/05\/29-1024x606.jpg 1024w\" sizes=\"auto, (max-width: 300px) 100vw, 300px\" \/><\/a><\/td><td class=\"column-2\">Hind: 12\u20ac\/kg<br \/>\nSisu: Klassikaline kringel \u00f5una, rosina, kaneeli t\u00e4idisega. Peal \u0161okolaadimaitseline glasuur, p\u00e4hklipuiste.<br \/>\nETTETELLIMISEL<\/td>\n<\/tr>\n<tr class=\"row-8\">\n\t<td class=\"column-1\"><a href=\"http:\/\/vingekringel.ee\/wp-content\/uploads\/2017\/05\/6.jpg\"><img loading=\"lazy\" decoding=\"async\" src=\"http:\/\/vingekringel.ee\/wp-content\/uploads\/2017\/05\/6-300x160.jpg\" alt=\"\" width=\"300\" height=\"160\" class=\"alignnone size-medium wp-image-174\" srcset=\"https:\/\/vingekringel.ee\/wp-content\/uploads\/2017\/05\/6-300x160.jpg 300w, https:\/\/vingekringel.ee\/wp-content\/uploads\/2017\/05\/6-768x409.jpg 768w, https:\/\/vingekringel.ee\/wp-content\/uploads\/2017\/05\/6-1024x545.jpg 1024w\" sizes=\"auto, (max-width: 300px) 100vw, 300px\" \/><\/a><\/td><td class=\"column-2\">Hind: 12\u20ac\/kg<br \/>\nSisu: Kringel martsipani- punase s\u00f5stra t\u00e4idisega. Peal purukate.<br \/>\nETTETELLIMISEL<\/td>\n<\/tr>\n<tr class=\"row-9\">\n\t<td class=\"column-1\"><a href=\"http:\/\/vingekringel.ee\/wp-content\/uploads\/2017\/05\/3.jpg\"><img loading=\"lazy\" decoding=\"async\" src=\"http:\/\/vingekringel.ee\/wp-content\/uploads\/2017\/05\/3-300x200.jpg\" alt=\"\" width=\"300\" height=\"200\" class=\"alignnone size-medium wp-image-178\" srcset=\"https:\/\/vingekringel.ee\/wp-content\/uploads\/2017\/05\/3-300x200.jpg 300w, https:\/\/vingekringel.ee\/wp-content\/uploads\/2017\/05\/3-768x512.jpg 768w, https:\/\/vingekringel.ee\/wp-content\/uploads\/2017\/05\/3-1024x683.jpg 1024w\" sizes=\"auto, (max-width: 300px) 100vw, 300px\" \/><\/a><\/td><td class=\"column-2\">Hind: 12\u20ac\/kg<br \/>\nSisu: Kringel mooni- musts\u00f5stra  t\u00e4idisega. Peal valge glasuur, moon.<br \/>\nETTETELLIMISEL<\/td>\n<\/tr>\n<tr class=\"row-10\">\n\t<td class=\"column-1\"><a href=\"http:\/\/vingekringel.ee\/wp-content\/uploads\/2017\/05\/14.jpg\"><img loading=\"lazy\" decoding=\"async\" src=\"http:\/\/vingekringel.ee\/wp-content\/uploads\/2017\/05\/14-300x200.jpg\" alt=\"\" width=\"300\" height=\"200\" class=\"alignnone size-medium wp-image-180\" srcset=\"https:\/\/vingekringel.ee\/wp-content\/uploads\/2017\/05\/14-300x200.jpg 300w, https:\/\/vingekringel.ee\/wp-content\/uploads\/2017\/05\/14-768x512.jpg 768w, https:\/\/vingekringel.ee\/wp-content\/uploads\/2017\/05\/14-1024x683.jpg 1024w\" sizes=\"auto, (max-width: 300px) 100vw, 300px\" \/><\/a><\/td><td class=\"column-2\">Hind: 12\u20ac\/kg<br \/>\nSisu: Klassikaline kringel rosina, \u00f5una, kaneeli<br \/>\n t\u00e4idisega. Peal daimi \u0161okolaadit\u00fckid, p\u00e4hklipuiste.<br \/>\nETTETELLIMISEL<\/td>\n<\/tr>\n<tr class=\"row-11\">\n\t<td class=\"column-1\"><a href=\"http:\/\/vingekringel.ee\/wp-content\/uploads\/2017\/05\/10.jpg\"><img loading=\"lazy\" decoding=\"async\" src=\"http:\/\/vingekringel.ee\/wp-content\/uploads\/2017\/05\/10-300x200.jpg\" alt=\"\" width=\"300\" height=\"200\" class=\"alignnone size-medium wp-image-184\" srcset=\"https:\/\/vingekringel.ee\/wp-content\/uploads\/2017\/05\/10-300x200.jpg 300w, https:\/\/vingekringel.ee\/wp-content\/uploads\/2017\/05\/10-768x512.jpg 768w, https:\/\/vingekringel.ee\/wp-content\/uploads\/2017\/05\/10-1024x683.jpg 1024w\" sizes=\"auto, (max-width: 300px) 100vw, 300px\" \/><\/a><\/td><td class=\"column-2\">Hind: 12\u20ac\/kg<br \/>\nKringel kohupiima-kirsi t\u00e4idisega. Peal purukate.<br \/>\nETTETLLIMISEL<\/td>\n<\/tr>\n<tr class=\"row-12\">\n\t<td class=\"column-1\"><a href=\"http:\/\/vingekringel.ee\/wp-content\/uploads\/2017\/05\/22.jpg\"><img loading=\"lazy\" decoding=\"async\" src=\"http:\/\/vingekringel.ee\/wp-content\/uploads\/2017\/05\/22-300x163.jpg\" alt=\"\" width=\"300\" height=\"163\" class=\"alignnone size-medium wp-image-186\" srcset=\"https:\/\/vingekringel.ee\/wp-content\/uploads\/2017\/05\/22-300x163.jpg 300w, https:\/\/vingekringel.ee\/wp-content\/uploads\/2017\/05\/22-768x417.jpg 768w, https:\/\/vingekringel.ee\/wp-content\/uploads\/2017\/05\/22-1024x556.jpg 1024w\" sizes=\"auto, (max-width: 300px) 100vw, 300px\" \/><\/a><\/td><td class=\"column-2\">Hind: 12\u20ac\/kg<br \/>\nSisu: Kringel kohupiima-vaarika t\u00e4idisega. Peal valge glasuur, mandlilaastud, kr\u00f5bedad teraviljagraanulid valges \u0161okolaadis. <br \/>\nETTETLLIMISEL<\/td>\n<\/tr>\n<tr class=\"row-13\">\n\t<td class=\"column-1\"><a href=\"http:\/\/vingekringel.ee\/wp-content\/uploads\/2017\/05\/4.jpg\"><img loading=\"lazy\" decoding=\"async\" src=\"http:\/\/vingekringel.ee\/wp-content\/uploads\/2017\/05\/4-300x204.jpg\" alt=\"\" width=\"300\" height=\"204\" class=\"alignnone size-medium wp-image-190\" srcset=\"https:\/\/vingekringel.ee\/wp-content\/uploads\/2017\/05\/4-300x204.jpg 300w, https:\/\/vingekringel.ee\/wp-content\/uploads\/2017\/05\/4-768x521.jpg 768w, https:\/\/vingekringel.ee\/wp-content\/uploads\/2017\/05\/4-1024x695.jpg 1024w\" sizes=\"auto, (max-width: 300px) 100vw, 300px\" \/><\/a><\/td><td class=\"column-2\">Hind: 12\u20ac\/kg<br \/>\nSisu: Kringel kirsi, mandlilaastude, \u0161okolaadikreemi t\u00e4idisega. Peal purukate.<br \/>\nETTETELLIMISEL<\/td>\n<\/tr>\n<tr class=\"row-14\">\n\t<td class=\"column-1\"><a href=\"http:\/\/vingekringel.ee\/wp-content\/uploads\/2017\/05\/27.jpg\"><img loading=\"lazy\" decoding=\"async\" src=\"http:\/\/vingekringel.ee\/wp-content\/uploads\/2017\/05\/27-300x200.jpg\" alt=\"\" width=\"300\" height=\"200\" class=\"alignnone size-medium wp-image-193\" srcset=\"https:\/\/vingekringel.ee\/wp-content\/uploads\/2017\/05\/27-300x200.jpg 300w, https:\/\/vingekringel.ee\/wp-content\/uploads\/2017\/05\/27-768x512.jpg 768w, https:\/\/vingekringel.ee\/wp-content\/uploads\/2017\/05\/27-1024x683.jpg 1024w\" sizes=\"auto, (max-width: 300px) 100vw, 300px\" \/><\/a><\/td><td class=\"column-2\">Hind: 12\u20ac\/kg<br \/>\nSisu: Kringel vaarika, oreo k\u00fcpsise t\u00e4idisega. Peal valge glasuur, oreo k\u00fcpsiset\u00fckid.<br \/>\nETTETELLIMISEL<\/td>\n<\/tr>\n<tr class=\"row-15\">\n\t<td class=\"column-1\"><a href=\"http:\/\/vingekringel.ee\/wp-content\/uploads\/2017\/05\/18.jpg\"><img loading=\"lazy\" decoding=\"async\" src=\"http:\/\/vingekringel.ee\/wp-content\/uploads\/2017\/05\/18-300x200.jpg\" alt=\"\" width=\"300\" height=\"200\" class=\"alignnone size-medium wp-image-195\" srcset=\"https:\/\/vingekringel.ee\/wp-content\/uploads\/2017\/05\/18-300x200.jpg 300w, https:\/\/vingekringel.ee\/wp-content\/uploads\/2017\/05\/18-768x512.jpg 768w, https:\/\/vingekringel.ee\/wp-content\/uploads\/2017\/05\/18-1024x683.jpg 1024w\" sizes=\"auto, (max-width: 300px) 100vw, 300px\" \/><\/a><\/td><td class=\"column-2\">Hind: 12\u20ac\/kg<br \/>\nSisu: Kringel rosina- vaniljekreemi t\u00e4idisega. Peal purukate.<br \/>\nETTETELLIMISEL<\/td>\n<\/tr>\n<tr class=\"row-16\">\n\t<td class=\"column-1\"><a href=\"http:\/\/vingekringel.ee\/wp-content\/uploads\/2018\/05\/IMG_5818-picasa.jpg\"><img loading=\"lazy\" decoding=\"async\" src=\"http:\/\/vingekringel.ee\/wp-content\/uploads\/2018\/05\/IMG_5818-picasa-300x200.jpg\" alt=\"\" width=\"300\" height=\"200\" class=\"alignnone size-medium wp-image-218\" srcset=\"https:\/\/vingekringel.ee\/wp-content\/uploads\/2018\/05\/IMG_5818-picasa-300x200.jpg 300w, https:\/\/vingekringel.ee\/wp-content\/uploads\/2018\/05\/IMG_5818-picasa-768x512.jpg 768w, https:\/\/vingekringel.ee\/wp-content\/uploads\/2018\/05\/IMG_5818-picasa-1024x683.jpg 1024w\" sizes=\"auto, (max-width: 300px) 100vw, 300px\" \/><\/a><\/td><td class=\"column-2\">Hind: 12\u20ac\/kg<br \/>\nSisu: Kringel rabarberi-kaneeli t\u00e4idisega. Peal purukate. Soovi korral pealt karamelli lisandiga.<br \/>\nETTETELLIMISEL<\/td>\n<\/tr>\n<\/tbody>\n<\/table>\n<!-- #tablepress-1 from cache -->\n","protected":false},"excerpt":{"rendered":"","protected":false},"author":1,"featured_media":0,"parent":0,"menu_order":0,"comment_status":"closed","ping_status":"closed","template":"","meta":{"footnotes":""},"class_list":["post-50","page","type-page","status-publish","hentry"],"_links":{"self":[{"href":"https:\/\/vingekringel.ee\/index.php\/wp-json\/wp\/v2\/pages\/50","targetHints":{"allow":["GET"]}}],"collection":[{"href":"https:\/\/vingekringel.ee\/index.php\/wp-json\/wp\/v2\/pages"}],"about":[{"href":"https:\/\/vingekringel.ee\/index.php\/wp-json\/wp\/v2\/types\/page"}],"author":[{"embeddable":true,"href":"https:\/\/vingekringel.ee\/index.php\/wp-json\/wp\/v2\/users\/1"}],"replies":[{"embeddable":true,"href":"https:\/\/vingekringel.ee\/index.php\/wp-json\/wp\/v2\/comments?post=50"}],"version-history":[{"count":6,"href":"https:\/\/vingekringel.ee\/index.php\/wp-json\/wp\/v2\/pages\/50\/revisions"}],"predecessor-version":[{"id":78,"href":"https:\/\/vingekringel.ee\/index.php\/wp-json\/wp\/v2\/pages\/50\/revisions\/78"}],"wp:attachment":[{"href":"https:\/\/vingekringel.ee\/index.php\/wp-json\/wp\/v2\/media?parent=50"}],"curies":[{"name":"wp","href":"https:\/\/api.w.org\/{rel}","templated":true}]}}