{"id":28,"date":"2016-09-21T08:36:02","date_gmt":"2016-09-21T08:36:02","guid":{"rendered":"http:\/\/vingekringel.ee\/?page_id=28"},"modified":"2023-06-28T10:56:41","modified_gmt":"2023-06-28T10:56:41","slug":"tellimine","status":"publish","type":"page","link":"https:\/\/vingekringel.ee\/index.php\/tellimine\/","title":{"rendered":"Tellimine"},"content":{"rendered":"<p><span style=\"font-family: Arial, sans-serif;\">Lugupeetud kliendid!<\/span><\/p>\n<p>Vinge Kringel on lapsepuhkusel ja on tagasi teadmata ajal. Magusaid aegu seniks!<\/p>\n<p><s>Meilt saab tellida kringleid vastavalt enda soovile. Tellimusi v\u00f5tame vastu hiljemalt kaks t\u00f6\u00f6p\u00e4eva enne t\u00e4htaega. (tihti v\u00f5ib juhtuda, et saab ka l\u00fchema etteteatamisajaga).<\/p>\n<p><span style=\"font-family: Arial, sans-serif;\"><span style=\"font-size: small;\"><i>Kuna oleme v\u00e4ikeettev\u00f5te on meie t\u00f6\u00f6maht limiteeritud ja v\u00f5ib ette tulla perioode, kus me ei saa k\u00f5iki tellimusi vastu v\u00f5tta!<\/i><\/span><\/span><\/p>\n<p><span style=\"font-family: Arial, sans-serif;\"><span style=\"font-size: small;\"><i>N\u00e4dalal\u00f5ppudel ja p\u00fchadel t\u00f6\u00f6tame kokkuleppel!<\/i><\/span><\/span><\/p>\n<p>Lisainfo puhul kirjuta meile kiri&nbsp;<a href=\"mailto:liina@vingekringel.ee\">liina@vingekringel.ee<\/a>, saada s\u00f5num&nbsp;<a href=\"https:\/\/www.facebook.com\/vingekringel\" target=\"_top\" rel=\"noopener\">facebookis<\/a> v\u00f5i helista nr +372 5139970.<\/p>\n<p><\/s><\/p>\n","protected":false},"excerpt":{"rendered":"<p>Lugupeetud kliendid! Vinge Kringel on lapsepuhkusel ja on tagasi teadmata ajal. Magusaid aegu seniks! Meilt saab tellida kringleid vastavalt enda soovile. Tellimusi v\u00f5tame vastu hiljemalt kaks t\u00f6\u00f6p\u00e4eva enne t\u00e4htaega. (tihti v\u00f5ib juhtuda, et saab ka l\u00fchema etteteatamisajaga). Kuna oleme v\u00e4ikeettev\u00f5te on meie t\u00f6\u00f6maht limiteeritud ja v\u00f5ib ette tulla perioode, kus me ei saa k\u00f5iki tellimusi &hellip; <\/p>\n<p class=\"link-more\"><a href=\"https:\/\/vingekringel.ee\/index.php\/tellimine\/\" class=\"more-link\">Continue reading<span class=\"screen-reader-text\"> &#8220;Tellimine&#8221;<\/span><\/a><\/p>\n","protected":false},"author":1,"featured_media":0,"parent":0,"menu_order":0,"comment_status":"closed","ping_status":"closed","template":"","meta":{"footnotes":""},"class_list":["post-28","page","type-page","status-publish","hentry"],"_links":{"self":[{"href":"https:\/\/vingekringel.ee\/index.php\/wp-json\/wp\/v2\/pages\/28","targetHints":{"allow":["GET"]}}],"collection":[{"href":"https:\/\/vingekringel.ee\/index.php\/wp-json\/wp\/v2\/pages"}],"about":[{"href":"https:\/\/vingekringel.ee\/index.php\/wp-json\/wp\/v2\/types\/page"}],"author":[{"embeddable":true,"href":"https:\/\/vingekringel.ee\/index.php\/wp-json\/wp\/v2\/users\/1"}],"replies":[{"embeddable":true,"href":"https:\/\/vingekringel.ee\/index.php\/wp-json\/wp\/v2\/comments?post=28"}],"version-history":[{"count":5,"href":"https:\/\/vingekringel.ee\/index.php\/wp-json\/wp\/v2\/pages\/28\/revisions"}],"predecessor-version":[{"id":228,"href":"https:\/\/vingekringel.ee\/index.php\/wp-json\/wp\/v2\/pages\/28\/revisions\/228"}],"wp:attachment":[{"href":"https:\/\/vingekringel.ee\/index.php\/wp-json\/wp\/v2\/media?parent=28"}],"curies":[{"name":"wp","href":"https:\/\/api.w.org\/{rel}","templated":true}]}}