{"id":20,"date":"2016-09-21T07:52:36","date_gmt":"2016-09-21T07:52:36","guid":{"rendered":"http:\/\/vingekringel.ee\/?page_id=20"},"modified":"2017-02-01T20:51:43","modified_gmt":"2017-02-01T20:51:43","slug":"minust","status":"publish","type":"page","link":"https:\/\/vingekringel.ee\/index.php\/minust\/","title":{"rendered":"Meist"},"content":{"rendered":"<p>\u201e<span style=\"font-family: Arial, sans-serif;\">Vinge Kringel\u201c on Tartu k\u00fclje all tegutsev v\u00e4ikeettev\u00f5te, mis pakub klientidele ettetellimisel v\u00e4rskelt valmistatud kringleid.<\/span><\/p>\n<p><span style=\"font-family: Arial, sans-serif;\">Kui soovite oma p\u00e4eva v\u00f5i peolauda muuta erilisemaks isu\u00e4ratava kringliga, siis Vinge Kringel saab Teid aidata! Oleme edukalt l\u00e4binud Veterinaar- ja Toiduameti tunnustamise ning k\u00fcpsetame eritellimusel nii magusaid kui ka soolaseid, suuri ja v\u00e4ikseid kringleid. <\/span><\/p>\n<p><span style=\"font-family: Arial, sans-serif;\">K\u00fcsige julgelt lisa -Teie erisoove arvestades leiame kindlasti meelep\u00e4rase t\u00e4idise ja glasuuri.<\/span><\/p>\n","protected":false},"excerpt":{"rendered":"<p>\u201eVinge Kringel\u201c on Tartu k\u00fclje all tegutsev v\u00e4ikeettev\u00f5te, mis pakub klientidele ettetellimisel v\u00e4rskelt valmistatud kringleid. Kui soovite oma p\u00e4eva v\u00f5i peolauda muuta erilisemaks isu\u00e4ratava kringliga, siis Vinge Kringel saab Teid aidata! Oleme edukalt l\u00e4binud Veterinaar- ja Toiduameti tunnustamise ning k\u00fcpsetame eritellimusel nii magusaid kui ka soolaseid, suuri ja v\u00e4ikseid kringleid. K\u00fcsige julgelt lisa -Teie erisoove &hellip; <\/p>\n<p class=\"link-more\"><a href=\"https:\/\/vingekringel.ee\/index.php\/minust\/\" class=\"more-link\">Continue reading<span class=\"screen-reader-text\"> &#8220;Meist&#8221;<\/span><\/a><\/p>\n","protected":false},"author":1,"featured_media":0,"parent":0,"menu_order":0,"comment_status":"closed","ping_status":"closed","template":"","meta":{"footnotes":""},"class_list":["post-20","page","type-page","status-publish","hentry"],"_links":{"self":[{"href":"https:\/\/vingekringel.ee\/index.php\/wp-json\/wp\/v2\/pages\/20","targetHints":{"allow":["GET"]}}],"collection":[{"href":"https:\/\/vingekringel.ee\/index.php\/wp-json\/wp\/v2\/pages"}],"about":[{"href":"https:\/\/vingekringel.ee\/index.php\/wp-json\/wp\/v2\/types\/page"}],"author":[{"embeddable":true,"href":"https:\/\/vingekringel.ee\/index.php\/wp-json\/wp\/v2\/users\/1"}],"replies":[{"embeddable":true,"href":"https:\/\/vingekringel.ee\/index.php\/wp-json\/wp\/v2\/comments?post=20"}],"version-history":[{"count":5,"href":"https:\/\/vingekringel.ee\/index.php\/wp-json\/wp\/v2\/pages\/20\/revisions"}],"predecessor-version":[{"id":120,"href":"https:\/\/vingekringel.ee\/index.php\/wp-json\/wp\/v2\/pages\/20\/revisions\/120"}],"wp:attachment":[{"href":"https:\/\/vingekringel.ee\/index.php\/wp-json\/wp\/v2\/media?parent=20"}],"curies":[{"name":"wp","href":"https:\/\/api.w.org\/{rel}","templated":true}]}}